{"id":25334,"date":"2024-09-10T15:14:38","date_gmt":"2024-09-10T13:14:38","guid":{"rendered":"https:\/\/iemgmbh.de\/shop2023\/?post_type=product&#038;p=25334"},"modified":"2024-09-10T15:33:09","modified_gmt":"2024-09-10T13:33:09","slug":"co2-falle-co2-absorptionsgranulat","status":"publish","type":"product","link":"https:\/\/iemgmbh.de\/shop2023\/produkt\/co2-falle-co2-absorptionsgranulat\/","title":{"rendered":"CO2 Falle (CO2-Absorptionsgranulat )"},"content":{"rendered":"<p>CO2-Absorptionsgranulat nachf\u00fcllung (CO2 Falle)<br \/>\ndient zur Verhinderung, dass das Reinstwasser ( im Produktwasser Beh\u00e4lter ) durch Bel\u00fcftung bei Abnahme CO2 aufnimmt, die Luft wird durch die CO2 Falle geleitet.<br \/>\n2,5&#215;10 Zoll Laborqualit\u00e4t<\/p>\n<p>&nbsp;<\/p>\n<div>\n<div style=\"font-weight: normal; color: #000000; font-family: Tahoma,Helvetica,sans-serif;\">\n<div style=\"font-weight: normal; color: #000000; font-family: Tahoma,Helvetica,sans-serif;\">\n<p style=\"margin-top: 0px; margin-bottom: 0px;\">\n<\/div>\n<\/div>\n<\/div>\n<p>&nbsp;<\/p>\n<p>&nbsp;<\/p>\n<p>&nbsp;<\/p>\n","protected":false},"excerpt":{"rendered":"<p>CO2-Absorptionsgranulat nachf\u00fcllung (CO2 Falle) dient zur Verhinderung, dass das Reinstwasser ( im Produktwasser Beh\u00e4lter ) durch Bel\u00fcftung bei Abnahme CO2 aufnimmt, die Luft wird durch die CO2 Falle geleitet. 2,5&#215;10 Zoll Laborqualit\u00e4t &nbsp; &nbsp; &nbsp; &nbsp;<\/p>\n","protected":false},"featured_media":25335,"template":"","meta":{"_acf_changed":false},"product_cat":[263,256],"product_tag":[],"class_list":{"0":"post-25334","1":"product","2":"type-product","3":"status-publish","4":"has-post-thumbnail","6":"product_cat-chemikalien-chemicals","7":"product_cat-dienstleistungen","9":"first","10":"instock","11":"taxable","12":"shipping-taxable","13":"purchasable","14":"product-type-simple"},"acf":[],"_links":{"self":[{"href":"https:\/\/iemgmbh.de\/shop2023\/wp-json\/wp\/v2\/product\/25334","targetHints":{"allow":["GET"]}}],"collection":[{"href":"https:\/\/iemgmbh.de\/shop2023\/wp-json\/wp\/v2\/product"}],"about":[{"href":"https:\/\/iemgmbh.de\/shop2023\/wp-json\/wp\/v2\/types\/product"}],"wp:featuredmedia":[{"embeddable":true,"href":"https:\/\/iemgmbh.de\/shop2023\/wp-json\/wp\/v2\/media\/25335"}],"wp:attachment":[{"href":"https:\/\/iemgmbh.de\/shop2023\/wp-json\/wp\/v2\/media?parent=25334"}],"wp:term":[{"taxonomy":"product_cat","embeddable":true,"href":"https:\/\/iemgmbh.de\/shop2023\/wp-json\/wp\/v2\/product_cat?post=25334"},{"taxonomy":"product_tag","embeddable":true,"href":"https:\/\/iemgmbh.de\/shop2023\/wp-json\/wp\/v2\/product_tag?post=25334"}],"curies":[{"name":"wp","href":"https:\/\/api.w.org\/{rel}","templated":true}]}}