{"id":19233,"date":"2022-03-09T12:17:16","date_gmt":"2022-03-09T10:17:16","guid":{"rendered":"https:\/\/iemgmbh.de\/shop2023\/?post_type=product&#038;p=19233"},"modified":"2026-02-02T13:44:27","modified_gmt":"2026-02-02T11:44:27","slug":"sieb-rueckspuelfilter-feinfilter-1-2-sowie-eigengewinde-1-mit-schraegsitzdruckminderer-und-manometeranschluss","status":"publish","type":"product","link":"https:\/\/iemgmbh.de\/shop2023\/produkt\/sieb-rueckspuelfilter-feinfilter-1-2-sowie-eigengewinde-1-mit-schraegsitzdruckminderer-und-manometeranschluss\/","title":{"rendered":"Sieb R\u00fccksp\u00fclfilter<br>( Feinfilter ) 1\/2&#8243; sowie Au\u00dfen-<br>gewinde 1&#8243; mit Schr\u00e4gsitzdruck-<br>minderer und Manometer-<br>anschluss"},"content":{"rendered":"<p>Siebfilter, r\u00fccksp\u00fclbar, Schr\u00e4gsitzdruckminderer, Manometeranschluss.<\/p>\n","protected":false},"excerpt":{"rendered":"<p>Siebfilter, r\u00fccksp\u00fclbar, Schr\u00e4gsitzdruckminderer, Manometeranschluss.<\/p>\n","protected":false},"featured_media":19244,"template":"","meta":{"_acf_changed":false},"product_cat":[120],"product_tag":[],"class_list":{"0":"post-19233","1":"product","2":"type-product","3":"status-publish","4":"has-post-thumbnail","6":"product_cat-filter","8":"first","9":"instock","10":"taxable","11":"shipping-taxable","12":"purchasable","13":"product-type-simple"},"acf":[],"_links":{"self":[{"href":"https:\/\/iemgmbh.de\/shop2023\/wp-json\/wp\/v2\/product\/19233","targetHints":{"allow":["GET"]}}],"collection":[{"href":"https:\/\/iemgmbh.de\/shop2023\/wp-json\/wp\/v2\/product"}],"about":[{"href":"https:\/\/iemgmbh.de\/shop2023\/wp-json\/wp\/v2\/types\/product"}],"wp:featuredmedia":[{"embeddable":true,"href":"https:\/\/iemgmbh.de\/shop2023\/wp-json\/wp\/v2\/media\/19244"}],"wp:attachment":[{"href":"https:\/\/iemgmbh.de\/shop2023\/wp-json\/wp\/v2\/media?parent=19233"}],"wp:term":[{"taxonomy":"product_cat","embeddable":true,"href":"https:\/\/iemgmbh.de\/shop2023\/wp-json\/wp\/v2\/product_cat?post=19233"},{"taxonomy":"product_tag","embeddable":true,"href":"https:\/\/iemgmbh.de\/shop2023\/wp-json\/wp\/v2\/product_tag?post=19233"}],"curies":[{"name":"wp","href":"https:\/\/api.w.org\/{rel}","templated":true}]}}