{"id":18638,"date":"2021-12-13T13:34:30","date_gmt":"2021-12-13T11:34:30","guid":{"rendered":"https:\/\/iemgmbh.de\/shop2023\/?post_type=product&#038;p=18638"},"modified":"2026-02-02T13:14:15","modified_gmt":"2026-02-02T11:14:15","slug":"leerkartusche-20-zoll-x-4-zoll","status":"publish","type":"product","link":"https:\/\/iemgmbh.de\/shop2023\/produkt\/leerkartusche-20-zoll-x-4-zoll\/","title":{"rendered":"Leerkartusche &#8211;  20 Zoll x 4 Zoll"},"content":{"rendered":"<p>Ideal zum bef\u00fcllen mit Mischbettharz !<\/p>\n<p>geeignet f\u00fcr alle g\u00e4ngigen 20 Zoll x 4 Zoll Filtergeh\u00e4use<\/p>\n","protected":false},"excerpt":{"rendered":"<p>Ideal zum bef\u00fcllen mit Mischbettharz ! geeignet f\u00fcr alle g\u00e4ngigen 20 Zoll x 4 Zoll Filtergeh\u00e4use<\/p>\n","protected":false},"featured_media":1642,"template":"","meta":{"_acf_changed":false},"product_cat":[121,159],"product_tag":[],"class_list":{"0":"post-18638","1":"product","2":"type-product","3":"status-publish","4":"has-post-thumbnail","6":"product_cat-filtergehause","7":"product_cat-mischbett-harz-filter","9":"first","10":"instock","11":"taxable","12":"shipping-taxable","13":"purchasable","14":"product-type-simple"},"acf":[],"_links":{"self":[{"href":"https:\/\/iemgmbh.de\/shop2023\/wp-json\/wp\/v2\/product\/18638","targetHints":{"allow":["GET"]}}],"collection":[{"href":"https:\/\/iemgmbh.de\/shop2023\/wp-json\/wp\/v2\/product"}],"about":[{"href":"https:\/\/iemgmbh.de\/shop2023\/wp-json\/wp\/v2\/types\/product"}],"wp:featuredmedia":[{"embeddable":true,"href":"https:\/\/iemgmbh.de\/shop2023\/wp-json\/wp\/v2\/media\/1642"}],"wp:attachment":[{"href":"https:\/\/iemgmbh.de\/shop2023\/wp-json\/wp\/v2\/media?parent=18638"}],"wp:term":[{"taxonomy":"product_cat","embeddable":true,"href":"https:\/\/iemgmbh.de\/shop2023\/wp-json\/wp\/v2\/product_cat?post=18638"},{"taxonomy":"product_tag","embeddable":true,"href":"https:\/\/iemgmbh.de\/shop2023\/wp-json\/wp\/v2\/product_tag?post=18638"}],"curies":[{"name":"wp","href":"https:\/\/api.w.org\/{rel}","templated":true}]}}