{"id":17481,"date":"2021-10-04T12:16:46","date_gmt":"2021-10-04T10:16:46","guid":{"rendered":"https:\/\/iemgmbh.de\/shop2023\/?post_type=product&#038;p=17481"},"modified":"2026-03-18T11:17:12","modified_gmt":"2026-03-18T09:17:12","slug":"co2-falle-komplettmodul","status":"publish","type":"product","link":"https:\/\/iemgmbh.de\/shop2023\/produkt\/co2-falle-komplettmodul\/","title":{"rendered":"CO2-Falle Komplettmodul"},"content":{"rendered":"<p>Komplettmodul CO2-Falle<br \/>\nGeh\u00e4use 10 Zoll, klar<br \/>\n&#8211; inkl. CO2-Filtergranulat<br \/>\n&#8211; inkl. Filtergeh\u00e4useschl\u00fcssel<br \/>\n&#8211; mit Halterung<\/p>\n","protected":false},"excerpt":{"rendered":"<p>Komplettmodul CO2-Falle Geh\u00e4use 10 Zoll, klar &#8211; inkl. CO2-Filtergranulat &#8211; inkl. Filtergeh\u00e4useschl\u00fcssel &#8211; mit Halterung<\/p>\n","protected":false},"featured_media":17482,"template":"","meta":{"_acf_changed":false},"product_cat":[120],"product_tag":[],"class_list":{"0":"post-17481","1":"product","2":"type-product","3":"status-publish","4":"has-post-thumbnail","6":"product_cat-filter","8":"first","9":"outofstock","10":"taxable","11":"shipping-taxable","12":"purchasable","13":"product-type-simple"},"acf":[],"_links":{"self":[{"href":"https:\/\/iemgmbh.de\/shop2023\/wp-json\/wp\/v2\/product\/17481","targetHints":{"allow":["GET"]}}],"collection":[{"href":"https:\/\/iemgmbh.de\/shop2023\/wp-json\/wp\/v2\/product"}],"about":[{"href":"https:\/\/iemgmbh.de\/shop2023\/wp-json\/wp\/v2\/types\/product"}],"wp:featuredmedia":[{"embeddable":true,"href":"https:\/\/iemgmbh.de\/shop2023\/wp-json\/wp\/v2\/media\/17482"}],"wp:attachment":[{"href":"https:\/\/iemgmbh.de\/shop2023\/wp-json\/wp\/v2\/media?parent=17481"}],"wp:term":[{"taxonomy":"product_cat","embeddable":true,"href":"https:\/\/iemgmbh.de\/shop2023\/wp-json\/wp\/v2\/product_cat?post=17481"},{"taxonomy":"product_tag","embeddable":true,"href":"https:\/\/iemgmbh.de\/shop2023\/wp-json\/wp\/v2\/product_tag?post=17481"}],"curies":[{"name":"wp","href":"https:\/\/api.w.org\/{rel}","templated":true}]}}